{"id":28,"date":"2023-10-18T08:31:32","date_gmt":"2023-10-18T08:31:32","guid":{"rendered":"https:\/\/cms.code4rest.com\/wp09\/?page_id=28"},"modified":"2025-03-28T22:30:14","modified_gmt":"2025-03-28T21:30:14","slug":"qui-suis-je","status":"publish","type":"page","link":"https:\/\/viviennerousselle.com\/index.php\/qui-suis-je\/","title":{"rendered":"Qui suis-je ?"},"content":{"rendered":"\t\t<div data-elementor-type=\"wp-page\" data-elementor-id=\"28\" class=\"elementor elementor-28\">\n\t\t\t\t\t\t<div class=\"elementor-section elementor-top-section elementor-element elementor-element-0384dca elementor-section-boxed elementor-section-height-default elementor-section-height-default\" data-id=\"0384dca\" data-element_type=\"section\" data-settings=\"{&quot;background_background&quot;:&quot;classic&quot;}\">\n\t\t\t\t\t\t<div class=\"elementor-container elementor-column-gap-default\">\n\t\t\t\t\t<div class=\"elementor-column elementor-col-100 elementor-top-column elementor-element elementor-element-eda20cb\" data-id=\"eda20cb\" data-element_type=\"column\" data-settings=\"{&quot;background_background&quot;:&quot;classic&quot;}\">\n\t\t\t<div class=\"elementor-widget-wrap elementor-element-populated\">\n\t\t\t\t\t\t<section class=\"elementor-section elementor-inner-section elementor-element elementor-element-998ad87 elementor-section-boxed elementor-section-height-default elementor-section-height-default\" data-id=\"998ad87\" data-element_type=\"section\">\n\t\t\t\t\t\t<div class=\"elementor-container elementor-column-gap-default\">\n\t\t\t\t\t<div class=\"elementor-column elementor-col-50 elementor-inner-column elementor-element elementor-element-04ea463 elementor-invisible\" data-id=\"04ea463\" data-element_type=\"column\" data-settings=\"{&quot;animation&quot;:&quot;fadeIn&quot;}\">\n\t\t\t<div class=\"elementor-widget-wrap elementor-element-populated\">\n\t\t\t\t\t\t<div class=\"elementor-element elementor-element-48a9005 elementor-widget elementor-widget-text-editor\" data-id=\"48a9005\" data-element_type=\"widget\" data-widget_type=\"text-editor.default\">\n\t\t\t\t<div class=\"elementor-widget-container\">\n\t\t\t\t\t\t\t\t\t<p>Bonjour \u00e0 toutes et \u00e0 tous<\/p>\t\t\t\t\t\t\t\t<\/div>\n\t\t\t\t<\/div>\n\t\t\t\t<div class=\"elementor-element elementor-element-3b7d7fb elementor-widget elementor-widget-heading\" data-id=\"3b7d7fb\" data-element_type=\"widget\" data-widget_type=\"heading.default\">\n\t\t\t\t<div class=\"elementor-widget-container\">\n\t\t\t\t\t<h2 class=\"elementor-heading-title elementor-size-default\">Je m\u2019appelle Vivienne ROUSSELLE. Bienvenue sur mon site internet.<\/h2>\t\t\t\t<\/div>\n\t\t\t\t<\/div>\n\t\t\t\t<div class=\"elementor-element elementor-element-374ee8f elementor-widget elementor-widget-text-editor\" data-id=\"374ee8f\" data-element_type=\"widget\" data-widget_type=\"text-editor.default\">\n\t\t\t\t<div class=\"elementor-widget-container\">\n\t\t\t\t\t\t\t\t\t<p>Ici, nous allons parler de <strong>peinture<\/strong>, de <strong>calligraphie<\/strong>, d\u2019<strong>iconographie<\/strong>, d\u2019<strong>enluminure<\/strong>, d\u2019<strong>\u00e9criture d\u2019ic\u00f4ne<\/strong>\u2026 et de plein d\u2019autres belles choses.<\/p><p>Depuis ma plus tendre jeunesse, je suis (comme vous je pense) une amoureuse d\u2019<strong>art<\/strong>. De lointains souvenirs me ram\u00e8nent \u00e0 l\u2019enfance et \u00e0 mes premi\u00e8res <strong>peintures<\/strong>. C\u2019\u00e9tait dans le comt\u00e9 d\u2019Hampstead, pr\u00e8s de Londres, sous le regard bienveillant de mes parents.<\/p><p>Rapidement, j\u2019ai compris que ce n\u2019\u00e9tait pas un \u00ab\u00a0hobby\u00a0\u00bb comme les autres, un simple passe-temps. Ce serait une passion pour la vie. Un fil rouge dans mon existence.<\/p><p>C\u2019est donc tout naturellement que j\u2019ai suivi des \u00e9tudes en <strong>arts d\u00e9coratifs<\/strong> \u00e0 S\u00e8vres avant de devenir architecte d\u2019int\u00e9rieur \u00e0 Saint-Etienne puis New-York et enfin Paris.<\/p><p>\u00c0 travers ce riche parcours professionnel, j\u2019ai eu la chance de participer activement \u00e0 l\u2019\u00e9laboration de nombreux \u00e9tablissements, parmi lesquels des h\u00f4pitaux, des banques ou des universit\u00e9s.<\/p>\t\t\t\t\t\t\t\t<\/div>\n\t\t\t\t<\/div>\n\t\t\t\t\t<\/div>\n\t\t<\/div>\n\t\t\t\t<div class=\"elementor-column elementor-col-50 elementor-inner-column elementor-element elementor-element-3633399 elementor-invisible\" data-id=\"3633399\" data-element_type=\"column\" data-settings=\"{&quot;background_background&quot;:&quot;classic&quot;,&quot;animation&quot;:&quot;fadeIn&quot;}\">\n\t\t\t<div class=\"elementor-widget-wrap elementor-element-populated\">\n\t\t\t\t\t\t<div class=\"elementor-element elementor-element-f3cacc7 elementor-widget elementor-widget-image\" data-id=\"f3cacc7\" data-element_type=\"widget\" data-widget_type=\"image.default\">\n\t\t\t\t<div class=\"elementor-widget-container\">\n\t\t\t\t\t\t\t\t\t\t\t\t\t\t\t<img fetchpriority=\"high\" decoding=\"async\" width=\"500\" height=\"750\" src=\"https:\/\/viviennerousselle.com\/wp-content\/uploads\/2025\/03\/Portrait-vivienne-rousselle-artiste-peintre-sigean-vers-narbonne.png\" class=\"attachment-full size-full wp-image-751\" alt=\"Portrait de l&#039;artiste Vivienne Rousselle, peintre de Sigean vers Narbonne\" srcset=\"https:\/\/viviennerousselle.com\/wp-content\/uploads\/2025\/03\/Portrait-vivienne-rousselle-artiste-peintre-sigean-vers-narbonne.png 500w, https:\/\/viviennerousselle.com\/wp-content\/uploads\/2025\/03\/Portrait-vivienne-rousselle-artiste-peintre-sigean-vers-narbonne-200x300.png 200w\" sizes=\"(max-width: 500px) 100vw, 500px\" \/>\t\t\t\t\t\t\t\t\t\t\t\t\t\t\t<\/div>\n\t\t\t\t<\/div>\n\t\t\t\t<div class=\"elementor-element elementor-element-5c3014a elementor-widget elementor-widget-text-editor\" data-id=\"5c3014a\" data-element_type=\"widget\" data-widget_type=\"text-editor.default\">\n\t\t\t\t<div class=\"elementor-widget-container\">\n\t\t\t\t\t\t\t\t\t<p>Des projets stimulants, captivants, chronophages aussi mais qui ne m\u2019ont jamais \u00e9loign\u00e9 de la peinture. Mon <strong>\u00e2me d\u2019artiste<\/strong> ne s\u2019est jamais \u00e9teinte. Et c\u2019est pour cette raison qu\u2019en 2002, j\u2019ai pris une d\u00e9cision importante\u00a0: m\u2019installer sous le soleil du <strong>Sud de la France<\/strong> (\u00e0 proximit\u00e9 de <strong>Narbonne<\/strong>) pour me consacrer pleinement \u00e0 ma passion.<\/p><p>Depuis, je <strong>peins<\/strong>, j\u2019expose des <strong>\u0153uvres<\/strong>\u2026 et j\u2019enseigne aussi souvent que je le peux. Une fa\u00e7on de transmettre le flambeau et de rendre \u00e0 l\u2019art tout ce qu\u2019il m\u2019a donn\u00e9\u2026<\/p>\t\t\t\t\t\t\t\t<\/div>\n\t\t\t\t<\/div>\n\t\t\t\t\t<\/div>\n\t\t<\/div>\n\t\t\t\t\t<\/div>\n\t\t<\/section>\n\t\t\t\t\t<\/div>\n\t\t<\/div>\n\t\t\t\t\t<\/div>\n\t\t<\/div>\n\t\t\t\t<div class=\"elementor-section elementor-top-section elementor-element elementor-element-07de5f9 elementor-section-height-min-height elementor-section-stretched elementor-section-boxed elementor-section-height-default elementor-section-items-middle elementor-invisible\" data-id=\"07de5f9\" data-element_type=\"section\" data-settings=\"{&quot;stretch_section&quot;:&quot;section-stretched&quot;,&quot;background_background&quot;:&quot;classic&quot;,&quot;animation&quot;:&quot;fadeIn&quot;}\">\n\t\t\t\t\t\t\t<div class=\"elementor-background-overlay\"><\/div>\n\t\t\t\t\t\t\t<div class=\"elementor-container elementor-column-gap-default\">\n\t\t\t\t\t<div class=\"elementor-column elementor-col-100 elementor-top-column elementor-element elementor-element-46f5df3\" data-id=\"46f5df3\" data-element_type=\"column\">\n\t\t\t<div class=\"elementor-widget-wrap elementor-element-populated\">\n\t\t\t\t\t\t<div class=\"elementor-element elementor-element-11a648f elementor-widget elementor-widget-heading\" data-id=\"11a648f\" data-element_type=\"widget\" data-widget_type=\"heading.default\">\n\t\t\t\t<div class=\"elementor-widget-container\">\n\t\t\t\t\t<h2 class=\"elementor-heading-title elementor-size-default\">Depuis mon enfance, la peinture est mon langage privil\u00e9gi\u00e9, unissant symboles, philosophie et iconographie pour transmettre<br> \u00e9motions, savoirs et qu\u00eate de l\u2019infini.<\/h2>\t\t\t\t<\/div>\n\t\t\t\t<\/div>\n\t\t\t\t\t<\/div>\n\t\t<\/div>\n\t\t\t\t\t<\/div>\n\t\t<\/div>\n\t\t\t\t<div class=\"elementor-section elementor-top-section elementor-element elementor-element-63da5f1 elementor-section-boxed elementor-section-height-default elementor-section-height-default\" data-id=\"63da5f1\" data-element_type=\"section\" data-settings=\"{&quot;background_background&quot;:&quot;classic&quot;}\">\n\t\t\t\t\t\t<div class=\"elementor-container elementor-column-gap-default\">\n\t\t\t\t\t<div class=\"elementor-column elementor-col-100 elementor-top-column elementor-element elementor-element-29c3329\" data-id=\"29c3329\" data-element_type=\"column\" data-settings=\"{&quot;background_background&quot;:&quot;classic&quot;}\">\n\t\t\t<div class=\"elementor-widget-wrap elementor-element-populated\">\n\t\t\t\t\t\t<section class=\"elementor-section elementor-inner-section elementor-element elementor-element-4bf3500 elementor-section-boxed elementor-section-height-default elementor-section-height-default\" data-id=\"4bf3500\" data-element_type=\"section\">\n\t\t\t\t\t\t<div class=\"elementor-container elementor-column-gap-default\">\n\t\t\t\t\t<div class=\"elementor-column elementor-col-50 elementor-inner-column elementor-element elementor-element-e36c961 elementor-invisible\" data-id=\"e36c961\" data-element_type=\"column\" data-settings=\"{&quot;background_background&quot;:&quot;classic&quot;,&quot;animation&quot;:&quot;fadeIn&quot;}\">\n\t\t\t<div class=\"elementor-widget-wrap elementor-element-populated\">\n\t\t\t\t\t\t<div class=\"elementor-element elementor-element-1854eea elementor-widget elementor-widget-image\" data-id=\"1854eea\" data-element_type=\"widget\" data-widget_type=\"image.default\">\n\t\t\t\t<div class=\"elementor-widget-container\">\n\t\t\t\t\t\t\t\t\t\t\t\t\t\t\t<img decoding=\"async\" width=\"1080\" height=\"1903\" src=\"https:\/\/viviennerousselle.com\/wp-content\/uploads\/2025\/03\/Oeuvre-d-art-de-vivienne-rousselle-pujol-artiste-sigean-vers-narbonne.png\" class=\"attachment-full size-full wp-image-842\" alt=\"\u0152uvre d&#039;art de l&#039;artiste Vivienne Rousselle \u00e0 Sigean vers Narbonne dans l&#039;Aude\" srcset=\"https:\/\/viviennerousselle.com\/wp-content\/uploads\/2025\/03\/Oeuvre-d-art-de-vivienne-rousselle-pujol-artiste-sigean-vers-narbonne.png 1080w, https:\/\/viviennerousselle.com\/wp-content\/uploads\/2025\/03\/Oeuvre-d-art-de-vivienne-rousselle-pujol-artiste-sigean-vers-narbonne-170x300.png 170w, https:\/\/viviennerousselle.com\/wp-content\/uploads\/2025\/03\/Oeuvre-d-art-de-vivienne-rousselle-pujol-artiste-sigean-vers-narbonne-581x1024.png 581w, https:\/\/viviennerousselle.com\/wp-content\/uploads\/2025\/03\/Oeuvre-d-art-de-vivienne-rousselle-pujol-artiste-sigean-vers-narbonne-768x1353.png 768w, https:\/\/viviennerousselle.com\/wp-content\/uploads\/2025\/03\/Oeuvre-d-art-de-vivienne-rousselle-pujol-artiste-sigean-vers-narbonne-872x1536.png 872w\" sizes=\"(max-width: 1080px) 100vw, 1080px\" \/>\t\t\t\t\t\t\t\t\t\t\t\t\t\t\t<\/div>\n\t\t\t\t<\/div>\n\t\t\t\t\t<\/div>\n\t\t<\/div>\n\t\t\t\t<div class=\"elementor-column elementor-col-50 elementor-inner-column elementor-element elementor-element-5297d26 elementor-invisible\" data-id=\"5297d26\" data-element_type=\"column\" data-settings=\"{&quot;animation&quot;:&quot;fadeIn&quot;}\">\n\t\t\t<div class=\"elementor-widget-wrap elementor-element-populated\">\n\t\t\t\t\t\t<div class=\"elementor-element elementor-element-6c5d9ce elementor-widget elementor-widget-text-editor\" data-id=\"6c5d9ce\" data-element_type=\"widget\" data-widget_type=\"text-editor.default\">\n\t\t\t\t<div class=\"elementor-widget-container\">\n\t\t\t\t\t\t\t\t\t<p>La peinture et moi<\/p>\t\t\t\t\t\t\t\t<\/div>\n\t\t\t\t<\/div>\n\t\t\t\t<div class=\"elementor-element elementor-element-43ff0cf elementor-widget elementor-widget-heading\" data-id=\"43ff0cf\" data-element_type=\"widget\" data-widget_type=\"heading.default\">\n\t\t\t\t<div class=\"elementor-widget-container\">\n\t\t\t\t\t<h2 class=\"elementor-heading-title elementor-size-default\">Mon rapport \u00e0 la peinture<\/h2>\t\t\t\t<\/div>\n\t\t\t\t<\/div>\n\t\t\t\t<div class=\"elementor-element elementor-element-acf11d0 elementor-widget__width-initial elementor-widget elementor-widget-text-editor\" data-id=\"acf11d0\" data-element_type=\"widget\" data-widget_type=\"text-editor.default\">\n\t\t\t\t<div class=\"elementor-widget-container\">\n\t\t\t\t\t\t\t\t\t<p>Fillette j\u2019\u00e9tais passionn\u00e9e par les symboles, que ce soient les formes, les nombres, les couleurs, les fleurs, et je me suis mise \u00e0 <strong>peindre<\/strong> d\u00e8s l\u2019\u00e2ge de 8 ans.<\/p><p>Tout de suite la <strong>peinture<\/strong> a \u00e9t\u00e9 un mode de communication pr\u00e9f\u00e9rentiel, permettant de transmettre les \u00e9motions autant que les faits, les projets autant que les r\u00eaves, quelles que soient les techniques\u00a0: <strong>peinture \u00e0 l\u2019huile<\/strong>, \u00e0 l\u2019<strong>aquarelle<\/strong>, au <strong>crayon<\/strong> et \u00e0 l\u2019<strong>encre<\/strong>, m\u00eame en sculpture et en <strong>c\u00e9ramique<\/strong>.<\/p><p>Au lyc\u00e9e l\u2019\u00e9tude de la philosophie m\u2019a ouvert un champ infini de culture et une soif de comprendre la vie, notre univers et la nature humaine qui ne s\u2019est jamais tarie depuis.<\/p><p>Quand quelques ann\u00e9es plus tard j\u2019ai d\u00e9couvert l\u2019<strong>iconographie<\/strong>, j\u2019ai tout de suite compris que la boucle entre th\u00e9ologie et <strong>art de peindre<\/strong> se rejoignait pour ma coh\u00e9rence et me permettre de transmettre la quintessence de l\u2019exp\u00e9rience humaine et de son rapport \u00e0 l\u2019infini.<\/p><p>De plus le rapport \u00e0 la merveilleuse collection des couleurs des <strong>pigments naturels<\/strong>, approfondissait ma joie d\u2019\u00e9crire des <strong>ic\u00f4nes<\/strong>.<\/p><p>Aujourd\u2019hui je prends un plaisir immense \u00e0 peindre, donner du bonheur par de belles <strong>r\u00e9alisations<\/strong> et \u00e0 transmettre mes savoirs \u00e0 celles et ceux qui en ont le d\u00e9sir profond.<\/p>\t\t\t\t\t\t\t\t<\/div>\n\t\t\t\t<\/div>\n\t\t\t\t\t<\/div>\n\t\t<\/div>\n\t\t\t\t\t<\/div>\n\t\t<\/section>\n\t\t\t\t\t<\/div>\n\t\t<\/div>\n\t\t\t\t\t<\/div>\n\t\t<\/div>\n\t\t\t\t<div class=\"elementor-section elementor-top-section elementor-element elementor-element-e6df3cf elementor-section-boxed elementor-section-height-default elementor-section-height-default\" data-id=\"e6df3cf\" data-element_type=\"section\">\n\t\t\t\t\t\t<div class=\"elementor-container elementor-column-gap-default\">\n\t\t\t\t\t<div class=\"elementor-column elementor-col-100 elementor-top-column elementor-element elementor-element-fef70dd\" data-id=\"fef70dd\" data-element_type=\"column\" data-settings=\"{&quot;background_background&quot;:&quot;classic&quot;}\">\n\t\t\t<div class=\"elementor-widget-wrap elementor-element-populated\">\n\t\t\t\t\t\t<section class=\"elementor-section elementor-inner-section elementor-element elementor-element-997bd51 elementor-section-full_width elementor-section-height-default elementor-section-height-default\" data-id=\"997bd51\" data-element_type=\"section\" data-settings=\"{&quot;background_background&quot;:&quot;classic&quot;}\">\n\t\t\t\t\t\t<div class=\"elementor-container elementor-column-gap-no\">\n\t\t\t\t\t<div class=\"elementor-column elementor-col-50 elementor-inner-column elementor-element elementor-element-6c4ffb4\" data-id=\"6c4ffb4\" data-element_type=\"column\" data-settings=\"{&quot;background_background&quot;:&quot;classic&quot;}\">\n\t\t\t<div class=\"elementor-widget-wrap elementor-element-populated\">\n\t\t\t\t\t\t<div class=\"elementor-element elementor-element-6194530 elementor-widget elementor-widget-image\" data-id=\"6194530\" data-element_type=\"widget\" data-widget_type=\"image.default\">\n\t\t\t\t<div class=\"elementor-widget-container\">\n\t\t\t\t\t\t\t\t\t\t\t\t\t\t\t<img decoding=\"async\" width=\"1491\" height=\"780\" src=\"https:\/\/viviennerousselle.com\/wp-content\/uploads\/2025\/03\/Vivienne-rousselle-icone-artiste-galerie-sigean-vers-narbonne.png\" class=\"attachment-full size-full wp-image-850\" alt=\"Voir la galerie ou \u00e0 la commande sur-mesure des tableaux de l&#039;artiste Vivienne Pujol Rousselle\" srcset=\"https:\/\/viviennerousselle.com\/wp-content\/uploads\/2025\/03\/Vivienne-rousselle-icone-artiste-galerie-sigean-vers-narbonne.png 1491w, https:\/\/viviennerousselle.com\/wp-content\/uploads\/2025\/03\/Vivienne-rousselle-icone-artiste-galerie-sigean-vers-narbonne-300x157.png 300w, https:\/\/viviennerousselle.com\/wp-content\/uploads\/2025\/03\/Vivienne-rousselle-icone-artiste-galerie-sigean-vers-narbonne-1024x536.png 1024w, https:\/\/viviennerousselle.com\/wp-content\/uploads\/2025\/03\/Vivienne-rousselle-icone-artiste-galerie-sigean-vers-narbonne-768x402.png 768w\" sizes=\"(max-width: 1491px) 100vw, 1491px\" \/>\t\t\t\t\t\t\t\t\t\t\t\t\t\t\t<\/div>\n\t\t\t\t<\/div>\n\t\t\t\t\t<\/div>\n\t\t<\/div>\n\t\t\t\t<div class=\"elementor-column elementor-col-50 elementor-inner-column elementor-element elementor-element-8a5994e elementor-invisible\" data-id=\"8a5994e\" data-element_type=\"column\" data-settings=\"{&quot;animation&quot;:&quot;fadeIn&quot;}\">\n\t\t\t<div class=\"elementor-widget-wrap elementor-element-populated\">\n\t\t\t\t\t\t<div class=\"elementor-element elementor-element-adf4e7b elementor-widget elementor-widget-text-editor\" data-id=\"adf4e7b\" data-element_type=\"widget\" data-widget_type=\"text-editor.default\">\n\t\t\t\t<div class=\"elementor-widget-container\">\n\t\t\t\t\t\t\t\t\t<p>Envie d&rsquo;obtenir une \u0153uvre ou une commande sp\u00e9ciale ?<\/p>\t\t\t\t\t\t\t\t<\/div>\n\t\t\t\t<\/div>\n\t\t\t\t<div class=\"elementor-element elementor-element-90ed117 elementor-widget elementor-widget-heading\" data-id=\"90ed117\" data-element_type=\"widget\" data-widget_type=\"heading.default\">\n\t\t\t\t<div class=\"elementor-widget-container\">\n\t\t\t\t\t<h2 class=\"elementor-heading-title elementor-size-default\">Galerie  ou sur-mesure<\/h2>\t\t\t\t<\/div>\n\t\t\t\t<\/div>\n\t\t\t\t<div class=\"elementor-element elementor-element-d685122 elementor-mobile-align-center elementor-tablet-align-center elementor-widget elementor-widget-button\" data-id=\"d685122\" data-element_type=\"widget\" data-widget_type=\"button.default\">\n\t\t\t\t<div class=\"elementor-widget-container\">\n\t\t\t\t\t\t\t\t\t<div class=\"elementor-button-wrapper\">\n\t\t\t\t\t<a class=\"elementor-button elementor-button-link elementor-size-sm\" href=\"https:\/\/viviennerousselle.com\/index.php\/galerie\/\">\n\t\t\t\t\t\t<span class=\"elementor-button-content-wrapper\">\n\t\t\t\t\t\t\t\t\t<span class=\"elementor-button-text\">En voir +<\/span>\n\t\t\t\t\t<\/span>\n\t\t\t\t\t<\/a>\n\t\t\t\t<\/div>\n\t\t\t\t\t\t\t\t<\/div>\n\t\t\t\t<\/div>\n\t\t\t\t\t<\/div>\n\t\t<\/div>\n\t\t\t\t\t<\/div>\n\t\t<\/section>\n\t\t\t\t\t<\/div>\n\t\t<\/div>\n\t\t\t\t\t<\/div>\n\t\t<\/div>\n\t\t\t\t<\/div>\n\t\t","protected":false},"excerpt":{"rendered":"<p>Bonjour \u00e0 toutes et \u00e0 tous Je m\u2019appelle Vivienne ROUSSELLE. Bienvenue sur mon site internet. Ici, nous allons parler de peinture, de calligraphie, d\u2019iconographie, d\u2019enluminure, d\u2019\u00e9criture d\u2019ic\u00f4ne\u2026 et de plein d\u2019autres belles choses. Depuis ma plus tendre jeunesse, je suis (comme vous je pense) une amoureuse d\u2019art. De lointains souvenirs me ram\u00e8nent \u00e0 l\u2019enfance et&#8230;<\/p>\n","protected":false},"author":2,"featured_media":608,"parent":0,"menu_order":0,"comment_status":"closed","ping_status":"closed","template":"","meta":{"_kad_post_transparent":"","_kad_post_title":"default","_kad_post_layout":"default","_kad_post_sidebar_id":"","_kad_post_content_style":"unboxed","_kad_post_vertical_padding":"default","_kad_post_feature":"default","_kad_post_feature_position":"","_kad_post_header":false,"_kad_post_footer":false,"footnotes":""},"class_list":["post-28","page","type-page","status-publish","has-post-thumbnail","hentry"],"_links":{"self":[{"href":"https:\/\/viviennerousselle.com\/index.php\/wp-json\/wp\/v2\/pages\/28","targetHints":{"allow":["GET"]}}],"collection":[{"href":"https:\/\/viviennerousselle.com\/index.php\/wp-json\/wp\/v2\/pages"}],"about":[{"href":"https:\/\/viviennerousselle.com\/index.php\/wp-json\/wp\/v2\/types\/page"}],"author":[{"embeddable":true,"href":"https:\/\/viviennerousselle.com\/index.php\/wp-json\/wp\/v2\/users\/2"}],"replies":[{"embeddable":true,"href":"https:\/\/viviennerousselle.com\/index.php\/wp-json\/wp\/v2\/comments?post=28"}],"version-history":[{"count":37,"href":"https:\/\/viviennerousselle.com\/index.php\/wp-json\/wp\/v2\/pages\/28\/revisions"}],"predecessor-version":[{"id":1216,"href":"https:\/\/viviennerousselle.com\/index.php\/wp-json\/wp\/v2\/pages\/28\/revisions\/1216"}],"wp:featuredmedia":[{"embeddable":true,"href":"https:\/\/viviennerousselle.com\/index.php\/wp-json\/"}],"wp:attachment":[{"href":"https:\/\/viviennerousselle.com\/index.php\/wp-json\/wp\/v2\/media?parent=28"}],"curies":[{"name":"wp","href":"https:\/\/api.w.org\/{rel}","templated":true}]}}